{"id":587,"date":"2023-06-27T20:39:40","date_gmt":"2023-06-27T20:39:40","guid":{"rendered":"https:\/\/proyecto-h.com\/?page_id=587"},"modified":"2025-07-01T19:45:37","modified_gmt":"2025-07-01T19:45:37","slug":"programas","status":"publish","type":"page","link":"https:\/\/proyecto-h.com\/es\/programas\/","title":{"rendered":"Programas"},"content":{"rendered":"\t\t<div data-elementor-type=\"wp-page\" data-elementor-id=\"587\" class=\"elementor elementor-587\">\n\t\t\t\t\t\t<section class=\"elementor-section elementor-top-section elementor-element elementor-element-1267f764 elementor-section-content-middle elementor-section-height-min-height elementor-section-boxed elementor-section-height-default elementor-section-items-middle\" data-id=\"1267f764\" data-element_type=\"section\" data-settings=\"{&quot;background_background&quot;:&quot;classic&quot;}\">\n\t\t\t\t\t\t\t<div class=\"elementor-background-overlay\"><\/div>\n\t\t\t\t\t\t\t<div class=\"elementor-container elementor-column-gap-no\">\n\t\t\t\t\t<div class=\"elementor-column elementor-col-100 elementor-top-column elementor-element elementor-element-6ba82185\" data-id=\"6ba82185\" data-element_type=\"column\">\n\t\t\t<div class=\"elementor-widget-wrap elementor-element-populated\">\n\t\t\t\t\t\t<section class=\"elementor-section elementor-inner-section elementor-element elementor-element-27e30aaf elementor-reverse-mobile elementor-section-boxed elementor-section-height-default elementor-section-height-default\" data-id=\"27e30aaf\" data-element_type=\"section\">\n\t\t\t\t\t\t<div class=\"elementor-container elementor-column-gap-default\">\n\t\t\t\t\t<div class=\"elementor-column elementor-col-50 elementor-inner-column elementor-element elementor-element-2f231ff1\" data-id=\"2f231ff1\" data-element_type=\"column\">\n\t\t\t<div class=\"elementor-widget-wrap elementor-element-populated\">\n\t\t\t\t\t\t<div class=\"elementor-element elementor-element-9ceacf3 elementor-widget__width-initial elementor-invisible elementor-widget elementor-widget-heading\" data-id=\"9ceacf3\" data-element_type=\"widget\" data-settings=\"{&quot;_animation&quot;:&quot;fadeInUp&quot;}\" data-widget_type=\"heading.default\">\n\t\t\t\t<div class=\"elementor-widget-container\">\n\t\t\t\t\t<h2 class=\"elementor-heading-title elementor-size-default\">Programas<\/h2>\t\t\t\t<\/div>\n\t\t\t\t<\/div>\n\t\t\t\t\t<\/div>\n\t\t<\/div>\n\t\t\t\t<div class=\"elementor-column elementor-col-50 elementor-inner-column elementor-element elementor-element-1ba9a777\" data-id=\"1ba9a777\" data-element_type=\"column\">\n\t\t\t<div class=\"elementor-widget-wrap\">\n\t\t\t\t\t\t\t<\/div>\n\t\t<\/div>\n\t\t\t\t\t<\/div>\n\t\t<\/section>\n\t\t\t\t\t<\/div>\n\t\t<\/div>\n\t\t\t\t\t<\/div>\n\t\t<\/section>\n\t\t\t\t<section class=\"elementor-section elementor-top-section elementor-element elementor-element-51559790 elementor-section-boxed elementor-section-height-default elementor-section-height-default\" data-id=\"51559790\" data-element_type=\"section\">\n\t\t\t\t\t\t<div class=\"elementor-container elementor-column-gap-default\">\n\t\t\t\t\t<div class=\"elementor-column elementor-col-100 elementor-top-column elementor-element elementor-element-1ffee4d7\" data-id=\"1ffee4d7\" data-element_type=\"column\">\n\t\t\t<div class=\"elementor-widget-wrap elementor-element-populated\">\n\t\t\t\t\t\t<div class=\"elementor-element elementor-element-31a2b94e elementor-widget elementor-widget-heading\" data-id=\"31a2b94e\" data-element_type=\"widget\" data-widget_type=\"heading.default\">\n\t\t\t\t<div class=\"elementor-widget-container\">\n\t\t\t\t\t<h2 class=\"elementor-heading-title elementor-size-default\">Programas para Embajadores H<\/h2>\t\t\t\t<\/div>\n\t\t\t\t<\/div>\n\t\t\t\t<div class=\"elementor-element elementor-element-2bfea7c elementor-widget elementor-widget-heading\" data-id=\"2bfea7c\" data-element_type=\"widget\" data-widget_type=\"heading.default\">\n\t\t\t\t<div class=\"elementor-widget-container\">\n\t\t\t\t\t<h2 class=\"elementor-heading-title elementor-size-default\">El Centro de Estudios en Gobierno Corporativo cree en la importancia de sensibilizar a los hombres en estos aspectos. <\/h2>\t\t\t\t<\/div>\n\t\t\t\t<\/div>\n\t\t\t\t<div class=\"elementor-element elementor-element-66f5f9df elementor-widget elementor-widget-text-editor\" data-id=\"66f5f9df\" data-element_type=\"widget\" data-widget_type=\"text-editor.default\">\n\t\t\t\t<div class=\"elementor-widget-container\">\n\t\t\t\t\t\t\t\t\t<p>Lo anterior se logra a trav\u00e9s de Programas que traen dos perspectivas a la mesa: la de gobierno corporativo y buenas pr\u00e1cticas, y la de los aspectos de diversidad, equidad e inclusi\u00f3n. Lo primero, porque hace evidente la importancia de internalizar las expectativas de los grupos de inter\u00e9s. La segunda, porque es importante poner las conversaciones dif\u00edciles e inc\u00f3modas sobre la mesa, para una discusi\u00f3n honesta, sincera y transparente, respecto a los miedos, desaf\u00edos y oportunidades de los aspectos de diversidad, equidad e inclusi\u00f3n.\u00a0<\/p><p><strong>Programa de Embajadores H<\/strong><br \/>Un entrenamiento que vincula el Gobierno Corporativo y la Diversidad, Equidad e Inclusi\u00f3n como un aspecto relevante y material para la sostenibilidad de las organizaciones. Lo anterior con el fin de fortalecer su rol como actores de gobierno corporativo en el ejercicio del liderazgo masculino necesario para avanzar en disminuir las brechas y alcanzar el progreso social que requerimos. Se elegir\u00e1n hombres<br \/>que est\u00e9n ocupando posiciones de liderazgo en sus empresas en primer, segundo o incluso tercer nivel, juntas directivas o que sean due\u00f1os de sus empresas. 32 horas de formaci\u00f3n.<\/p><p><strong>Embajadores H &#8211; Cap\u00edtulo Ecuador<\/strong><br \/>En alianza con el Club 30% Ecuador, realizamos durante el primer semestre de 2025, el programa de formaci\u00f3n Embajadores H Ecuador. En esta cohorte inaugural, reunimos a empresarios y ejecutivos de alto nivel, comprometidos con fortalecer su rol como l\u00edderes y miembros de gobierno corporativo, promoviendo un liderazgo masculino consciente que contribuya a cerrar brechas y a impulsar el progreso social que necesita nuestra regi\u00f3n.<\/p><p><strong>Hombres en Trayectoria Empresarial &#8211; HTE<\/strong><br \/>Un entrenamiento a hombres entre 25 y 35 a\u00f1os de edad, en aspectos de liderazgo y buenas pr\u00e1cticas organizacionales, con el fin de fortalecer sus habilidades como l\u00edderes, entendiendo la importancia de la diversidad y la inclusi\u00f3n en la gesti\u00f3n del talento humano y las expectativas de los grupos de inter\u00e9s.\u00a0Se eligen hombres de distintos perfiles para garantizar diversidad en las promociones, complemento de saberes y perspectivas, buscando formar el talento con la empat\u00eda y compromiso para liderar equipos diversos, entendiendo las oportunidades que trae esta pr\u00e1ctica para el desempe\u00f1o de las organizaciones y la legitimidad de las mismas ante sus grupos de inter\u00e9s. 32 horas de formaci\u00f3n.\u00a0<\/p>\t\t\t\t\t\t\t\t<\/div>\n\t\t\t\t<\/div>\n\t\t\t\t\t<\/div>\n\t\t<\/div>\n\t\t\t\t\t<\/div>\n\t\t<\/section>\n\t\t\t\t<section class=\"elementor-section elementor-top-section elementor-element elementor-element-5caa91b2 elementor-section-full_width elementor-section-height-default elementor-section-height-default\" data-id=\"5caa91b2\" data-element_type=\"section\">\n\t\t\t\t\t\t<div class=\"elementor-container elementor-column-gap-default\">\n\t\t\t\t\t<div class=\"elementor-column elementor-col-50 elementor-top-column elementor-element elementor-element-7bfe1631\" data-id=\"7bfe1631\" data-element_type=\"column\" data-settings=\"{&quot;background_background&quot;:&quot;classic&quot;}\">\n\t\t\t<div class=\"elementor-widget-wrap elementor-element-populated\">\n\t\t\t\t\t\t<div class=\"elementor-element elementor-element-75366183 elementor-widget elementor-widget-heading\" data-id=\"75366183\" data-element_type=\"widget\" data-widget_type=\"heading.default\">\n\t\t\t\t<div class=\"elementor-widget-container\">\n\t\t\t\t\t<h2 class=\"elementor-heading-title elementor-size-default\">Para m\u00e1s informaci\u00f3n puede escribir a los Codirectores del Centro de Estudios en Gobierno Corporativo: <\/h2>\t\t\t\t<\/div>\n\t\t\t\t<\/div>\n\t\t\t\t<div class=\"elementor-element elementor-element-152fa58f elementor-widget elementor-widget-text-editor\" data-id=\"152fa58f\" data-element_type=\"widget\" data-widget_type=\"text-editor.default\">\n\t\t\t\t<div class=\"elementor-widget-container\">\n\t\t\t\t\t\t\t\t\t<p>Alexander Guzman: <a href=\"mailto:alexander.guzman@cesa.edu.co\">a<span style=\"font-style: inherit; color: var( --e-global-color-91f37f3 ); background-color: var( --e-global-color-accent );\">lexander.guzman@cesa.edu.co<\/span><\/a><\/p><p>Mar\u00eda Andrea Trujillo:\u00a0<span style=\"font-style: inherit; color: var( --e-global-color-91f37f3 ); background-color: var( --e-global-color-accent );\"><a href=\"mailto:maria.trujillo@cesa.edu.co\">maria.trujillo@cesa.edu.co<\/a><\/span><\/p><p>O al correo del Centro de Estudios en Gobierno Corporativo: <a href=\"mailto:cegc@cesa.edu.co\">cegc@cesa.edu.co<\/a><\/p><p>\u00a0<\/p>\t\t\t\t\t\t\t\t<\/div>\n\t\t\t\t<\/div>\n\t\t\t\t<div class=\"elementor-element elementor-element-355a1d70 elementor-widget elementor-widget-image\" data-id=\"355a1d70\" data-element_type=\"widget\" data-widget_type=\"image.default\">\n\t\t\t\t<div class=\"elementor-widget-container\">\n\t\t\t\t\t\t\t\t\t\t\t\t\t\t\t<img fetchpriority=\"high\" decoding=\"async\" width=\"269\" height=\"197\" src=\"https:\/\/proyecto-h.com\/wp-content\/uploads\/2023\/06\/Comilla-19.svg\" class=\"attachment-large size-large wp-image-131\" alt=\"\" \/>\t\t\t\t\t\t\t\t\t\t\t\t\t\t\t<\/div>\n\t\t\t\t<\/div>\n\t\t\t\t\t<\/div>\n\t\t<\/div>\n\t\t\t\t<div class=\"elementor-column elementor-col-50 elementor-top-column elementor-element elementor-element-5d421970\" data-id=\"5d421970\" data-element_type=\"column\" data-settings=\"{&quot;background_background&quot;:&quot;classic&quot;}\">\n\t\t\t<div class=\"elementor-widget-wrap elementor-element-populated\">\n\t\t\t\t\t\t\t<\/div>\n\t\t<\/div>\n\t\t\t\t\t<\/div>\n\t\t<\/section>\n\t\t\t\t<\/div>\n\t\t","protected":false},"excerpt":{"rendered":"<p>Programas Programas para Embajadores H El Centro de Estudios en Gobierno Corporativo cree en la importancia de sensibilizar a los hombres en estos aspectos. Lo anterior se logra a trav\u00e9s de Programas que traen dos perspectivas a la mesa: la de gobierno corporativo y buenas pr\u00e1cticas, y la de los aspectos de diversidad, equidad e &hellip;<\/p>\n<p class=\"read-more\"> <a class=\"\" href=\"https:\/\/proyecto-h.com\/es\/programas\/\"> <span class=\"screen-reader-text\">Programas<\/span> Leer m\u00e1s &raquo;<\/a><\/p>\n","protected":false},"author":1,"featured_media":0,"parent":0,"menu_order":0,"comment_status":"closed","ping_status":"closed","template":"","meta":{"om_disable_all_campaigns":false,"_monsterinsights_skip_tracking":false,"_monsterinsights_sitenote_active":false,"_monsterinsights_sitenote_note":"","_monsterinsights_sitenote_category":0,"site-sidebar-layout":"no-sidebar","site-content-layout":"page-builder","ast-global-header-display":"","ast-banner-title-visibility":"","ast-main-header-display":"","ast-hfb-above-header-display":"","ast-hfb-below-header-display":"","ast-hfb-mobile-header-display":"","site-post-title":"disabled","ast-breadcrumbs-content":"","ast-featured-img":"disabled","footer-sml-layout":"","theme-transparent-header-meta":"","adv-header-id-meta":"","stick-header-meta":"","header-above-stick-meta":"","header-main-stick-meta":"","header-below-stick-meta":"","footnotes":""},"class_list":["post-587","page","type-page","status-publish","hentry"],"yoast_head":"<!-- This site is optimized with the Yoast SEO plugin v27.4 - https:\/\/yoast.com\/product\/yoast-seo-wordpress\/ -->\n<title>Programas - Proyecto H<\/title>\n<meta name=\"robots\" content=\"index, follow, max-snippet:-1, max-image-preview:large, max-video-preview:-1\" \/>\n<link rel=\"canonical\" href=\"https:\/\/proyecto-h.com\/es\/programas\/\" \/>\n<meta property=\"og:locale\" content=\"es_ES\" \/>\n<meta property=\"og:type\" content=\"article\" \/>\n<meta property=\"og:title\" content=\"Programas - Proyecto H\" \/>\n<meta property=\"og:description\" content=\"Programas Programas para Embajadores H El Centro de Estudios en Gobierno Corporativo cree en la importancia de sensibilizar a los hombres en estos aspectos. Lo anterior se logra a trav\u00e9s de Programas que traen dos perspectivas a la mesa: la de gobierno corporativo y buenas pr\u00e1cticas, y la de los aspectos de diversidad, equidad e &hellip; Programas Leer m\u00e1s &raquo;\" \/>\n<meta property=\"og:url\" content=\"https:\/\/proyecto-h.com\/es\/programas\/\" \/>\n<meta property=\"og:site_name\" content=\"Proyecto H\" \/>\n<meta property=\"article:modified_time\" content=\"2025-07-01T19:45:37+00:00\" \/>\n<meta name=\"twitter:card\" content=\"summary_large_image\" \/>\n<meta name=\"twitter:label1\" content=\"Tiempo de lectura\" \/>\n\t<meta name=\"twitter:data1\" content=\"3 minutos\" \/>\n<script type=\"application\/ld+json\" class=\"yoast-schema-graph\">{\"@context\":\"https:\\\/\\\/schema.org\",\"@graph\":[{\"@type\":\"WebPage\",\"@id\":\"https:\\\/\\\/proyecto-h.com\\\/es\\\/programas\\\/\",\"url\":\"https:\\\/\\\/proyecto-h.com\\\/es\\\/programas\\\/\",\"name\":\"Programas - Proyecto H\",\"isPartOf\":{\"@id\":\"http:\\\/\\\/box5930.temp.domains\\\/~igclared\\\/proyectoh\\\/#website\"},\"primaryImageOfPage\":{\"@id\":\"https:\\\/\\\/proyecto-h.com\\\/es\\\/programas\\\/#primaryimage\"},\"image\":{\"@id\":\"https:\\\/\\\/proyecto-h.com\\\/es\\\/programas\\\/#primaryimage\"},\"thumbnailUrl\":\"https:\\\/\\\/proyecto-h.com\\\/wp-content\\\/uploads\\\/2023\\\/06\\\/Comilla-19.svg\",\"datePublished\":\"2023-06-27T20:39:40+00:00\",\"dateModified\":\"2025-07-01T19:45:37+00:00\",\"breadcrumb\":{\"@id\":\"https:\\\/\\\/proyecto-h.com\\\/es\\\/programas\\\/#breadcrumb\"},\"inLanguage\":\"es-CO\",\"potentialAction\":[{\"@type\":\"ReadAction\",\"target\":[\"https:\\\/\\\/proyecto-h.com\\\/es\\\/programas\\\/\"]}]},{\"@type\":\"ImageObject\",\"inLanguage\":\"es-CO\",\"@id\":\"https:\\\/\\\/proyecto-h.com\\\/es\\\/programas\\\/#primaryimage\",\"url\":\"https:\\\/\\\/proyecto-h.com\\\/wp-content\\\/uploads\\\/2023\\\/06\\\/Comilla-19.svg\",\"contentUrl\":\"https:\\\/\\\/proyecto-h.com\\\/wp-content\\\/uploads\\\/2023\\\/06\\\/Comilla-19.svg\"},{\"@type\":\"BreadcrumbList\",\"@id\":\"https:\\\/\\\/proyecto-h.com\\\/es\\\/programas\\\/#breadcrumb\",\"itemListElement\":[{\"@type\":\"ListItem\",\"position\":1,\"name\":\"Home\",\"item\":\"https:\\\/\\\/proyecto-h.com\\\/\"},{\"@type\":\"ListItem\",\"position\":2,\"name\":\"Programas\"}]},{\"@type\":\"WebSite\",\"@id\":\"http:\\\/\\\/box5930.temp.domains\\\/~igclared\\\/proyectoh\\\/#website\",\"url\":\"http:\\\/\\\/box5930.temp.domains\\\/~igclared\\\/proyectoh\\\/\",\"name\":\"Proyecto H\",\"description\":\"\",\"publisher\":{\"@id\":\"http:\\\/\\\/box5930.temp.domains\\\/~igclared\\\/proyectoh\\\/#organization\"},\"potentialAction\":[{\"@type\":\"SearchAction\",\"target\":{\"@type\":\"EntryPoint\",\"urlTemplate\":\"http:\\\/\\\/box5930.temp.domains\\\/~igclared\\\/proyectoh\\\/?s={search_term_string}\"},\"query-input\":{\"@type\":\"PropertyValueSpecification\",\"valueRequired\":true,\"valueName\":\"search_term_string\"}}],\"inLanguage\":\"es-CO\"},{\"@type\":\"Organization\",\"@id\":\"http:\\\/\\\/box5930.temp.domains\\\/~igclared\\\/proyectoh\\\/#organization\",\"name\":\"Proyecto H\",\"url\":\"http:\\\/\\\/box5930.temp.domains\\\/~igclared\\\/proyectoh\\\/\",\"logo\":{\"@type\":\"ImageObject\",\"inLanguage\":\"es-CO\",\"@id\":\"http:\\\/\\\/box5930.temp.domains\\\/~igclared\\\/proyectoh\\\/#\\\/schema\\\/logo\\\/image\\\/\",\"url\":\"https:\\\/\\\/proyecto-h.com\\\/wp-content\\\/uploads\\\/2023\\\/06\\\/cropped-PH-51.png\",\"contentUrl\":\"https:\\\/\\\/proyecto-h.com\\\/wp-content\\\/uploads\\\/2023\\\/06\\\/cropped-PH-51.png\",\"width\":2108,\"height\":394,\"caption\":\"Proyecto H\"},\"image\":{\"@id\":\"http:\\\/\\\/box5930.temp.domains\\\/~igclared\\\/proyectoh\\\/#\\\/schema\\\/logo\\\/image\\\/\"}}]}<\/script>\n<!-- \/ Yoast SEO plugin. -->","yoast_head_json":{"title":"Programas - Proyecto H","robots":{"index":"index","follow":"follow","max-snippet":"max-snippet:-1","max-image-preview":"max-image-preview:large","max-video-preview":"max-video-preview:-1"},"canonical":"https:\/\/proyecto-h.com\/es\/programas\/","og_locale":"es_ES","og_type":"article","og_title":"Programas - Proyecto H","og_description":"Programas Programas para Embajadores H El Centro de Estudios en Gobierno Corporativo cree en la importancia de sensibilizar a los hombres en estos aspectos. Lo anterior se logra a trav\u00e9s de Programas que traen dos perspectivas a la mesa: la de gobierno corporativo y buenas pr\u00e1cticas, y la de los aspectos de diversidad, equidad e &hellip; Programas Leer m\u00e1s &raquo;","og_url":"https:\/\/proyecto-h.com\/es\/programas\/","og_site_name":"Proyecto H","article_modified_time":"2025-07-01T19:45:37+00:00","twitter_card":"summary_large_image","twitter_misc":{"Tiempo de lectura":"3 minutos"},"schema":{"@context":"https:\/\/schema.org","@graph":[{"@type":"WebPage","@id":"https:\/\/proyecto-h.com\/es\/programas\/","url":"https:\/\/proyecto-h.com\/es\/programas\/","name":"Programas - Proyecto H","isPartOf":{"@id":"http:\/\/box5930.temp.domains\/~igclared\/proyectoh\/#website"},"primaryImageOfPage":{"@id":"https:\/\/proyecto-h.com\/es\/programas\/#primaryimage"},"image":{"@id":"https:\/\/proyecto-h.com\/es\/programas\/#primaryimage"},"thumbnailUrl":"https:\/\/proyecto-h.com\/wp-content\/uploads\/2023\/06\/Comilla-19.svg","datePublished":"2023-06-27T20:39:40+00:00","dateModified":"2025-07-01T19:45:37+00:00","breadcrumb":{"@id":"https:\/\/proyecto-h.com\/es\/programas\/#breadcrumb"},"inLanguage":"es-CO","potentialAction":[{"@type":"ReadAction","target":["https:\/\/proyecto-h.com\/es\/programas\/"]}]},{"@type":"ImageObject","inLanguage":"es-CO","@id":"https:\/\/proyecto-h.com\/es\/programas\/#primaryimage","url":"https:\/\/proyecto-h.com\/wp-content\/uploads\/2023\/06\/Comilla-19.svg","contentUrl":"https:\/\/proyecto-h.com\/wp-content\/uploads\/2023\/06\/Comilla-19.svg"},{"@type":"BreadcrumbList","@id":"https:\/\/proyecto-h.com\/es\/programas\/#breadcrumb","itemListElement":[{"@type":"ListItem","position":1,"name":"Home","item":"https:\/\/proyecto-h.com\/"},{"@type":"ListItem","position":2,"name":"Programas"}]},{"@type":"WebSite","@id":"http:\/\/box5930.temp.domains\/~igclared\/proyectoh\/#website","url":"http:\/\/box5930.temp.domains\/~igclared\/proyectoh\/","name":"Proyecto H","description":"","publisher":{"@id":"http:\/\/box5930.temp.domains\/~igclared\/proyectoh\/#organization"},"potentialAction":[{"@type":"SearchAction","target":{"@type":"EntryPoint","urlTemplate":"http:\/\/box5930.temp.domains\/~igclared\/proyectoh\/?s={search_term_string}"},"query-input":{"@type":"PropertyValueSpecification","valueRequired":true,"valueName":"search_term_string"}}],"inLanguage":"es-CO"},{"@type":"Organization","@id":"http:\/\/box5930.temp.domains\/~igclared\/proyectoh\/#organization","name":"Proyecto H","url":"http:\/\/box5930.temp.domains\/~igclared\/proyectoh\/","logo":{"@type":"ImageObject","inLanguage":"es-CO","@id":"http:\/\/box5930.temp.domains\/~igclared\/proyectoh\/#\/schema\/logo\/image\/","url":"https:\/\/proyecto-h.com\/wp-content\/uploads\/2023\/06\/cropped-PH-51.png","contentUrl":"https:\/\/proyecto-h.com\/wp-content\/uploads\/2023\/06\/cropped-PH-51.png","width":2108,"height":394,"caption":"Proyecto H"},"image":{"@id":"http:\/\/box5930.temp.domains\/~igclared\/proyectoh\/#\/schema\/logo\/image\/"}}]}},"jetpack_sharing_enabled":true,"_links":{"self":[{"href":"https:\/\/proyecto-h.com\/es\/wp-json\/wp\/v2\/pages\/587","targetHints":{"allow":["GET"]}}],"collection":[{"href":"https:\/\/proyecto-h.com\/es\/wp-json\/wp\/v2\/pages"}],"about":[{"href":"https:\/\/proyecto-h.com\/es\/wp-json\/wp\/v2\/types\/page"}],"author":[{"embeddable":true,"href":"https:\/\/proyecto-h.com\/es\/wp-json\/wp\/v2\/users\/1"}],"replies":[{"embeddable":true,"href":"https:\/\/proyecto-h.com\/es\/wp-json\/wp\/v2\/comments?post=587"}],"version-history":[{"count":20,"href":"https:\/\/proyecto-h.com\/es\/wp-json\/wp\/v2\/pages\/587\/revisions"}],"predecessor-version":[{"id":1067,"href":"https:\/\/proyecto-h.com\/es\/wp-json\/wp\/v2\/pages\/587\/revisions\/1067"}],"wp:attachment":[{"href":"https:\/\/proyecto-h.com\/es\/wp-json\/wp\/v2\/media?parent=587"}],"curies":[{"name":"wp","href":"https:\/\/api.w.org\/{rel}","templated":true}]}}